{"id":29,"date":"2021-07-24T18:18:58","date_gmt":"2021-07-24T17:18:58","guid":{"rendered":"https:\/\/rockys-hausboot.de\/?page_id=29"},"modified":"2021-08-05T16:48:47","modified_gmt":"2021-08-05T15:48:47","slug":"bilder","status":"publish","type":"page","link":"https:\/\/rockys-hausboot.de\/?page_id=29","title":{"rendered":"Bilder"},"content":{"rendered":"<p>[et_pb_section fb_built=&#8220;1&#8243; fullwidth=&#8220;on&#8220; admin_label=&#8220;Hero&#8220; _builder_version=&#8220;3.22&#8243;][et_pb_fullwidth_header title=&#8220;Bilder&#8220; button_one_url=&#8220;https:\/\/www.facebook.com\/Rockys-Hausboot-390087621433580\/?ref=page_internal&#8220; background_overlay_color=&#8220;rgba(29,38,51,0.86)&#8220; header_image_url=&#8220;https:\/\/rockys-hausboot.de\/wp-content\/uploads\/2021\/07\/logo-480&#215;359-1.png&#8220; content_max_width=&#8220;700px&#8220; admin_label=&#8220;Hero Section&#8220; _builder_version=&#8220;4.9.10&#8243; title_font=&#8220;Oswald|on||on|&#8220; title_font_size=&#8220;80px&#8220; title_line_height=&#8220;1.3em&#8220; content_font=&#8220;Roboto||||&#8220; content_font_size=&#8220;20px&#8220; background_color=&#8220;rgba(255, 255, 255, 0)&#8220; background_image=&#8220;https:\/\/rockys-hausboot.de\/wp-content\/uploads\/2021\/07\/IMG-20170622-WA0073-1080&#215;810-1.jpg&#8220; parallax=&#8220;on&#8220; parallax_method=&#8220;on&#8220; custom_button_one=&#8220;on&#8220; button_one_border_radius=&#8220;0px&#8220; button_one_letter_spacing=&#8220;4px&#8220; button_one_font=&#8220;Oswald|on||on|&#8220; button_one_icon=&#8220;%%3%%&#8220; button_one_icon_color=&#8220;#ffffff&#8220; min_height=&#8220;444px&#8220; custom_margin=&#8220;|||&#8220; custom_padding=&#8220;63px||53px|||&#8220; custom_padding_tablet=&#8220;60px||60px|&#8220; custom_padding_phone=&#8220;&#8220; custom_padding_last_edited=&#8220;on|tablet&#8220; child_filter_saturate=&#8220;169%&#8220; child_filter_brightness=&#8220;123%&#8220; child_filter_contrast=&#8220;67%&#8220; child_filter_sepia=&#8220;28%&#8220; child_filter_opacity=&#8220;96%&#8220; child_mix_blend_mode=&#8220;multiply&#8220; animation_style=&#8220;zoom&#8220; animation_direction=&#8220;bottom&#8220; animation_intensity_zoom=&#8220;4%&#8220; link_option_url_new_window=&#8220;on&#8220; border_color_all_image=&#8220;#004159&#8243; button_one_text_color_hover=&#8220;#ffffff&#8220; button_one_border_color_hover=&#8220;#ffffff&#8220; button_one_border_radius_hover=&#8220;0px&#8220; button_one_letter_spacing_hover=&#8220;4px&#8220; button_one_bg_color_hover=&#8220;rgba(0,0,0,0)&#8220; button_one_text_size__hover_enabled=&#8220;off&#8220; button_two_text_size__hover_enabled=&#8220;off&#8220; button_one_text_color__hover_enabled=&#8220;on&#8220; button_one_text_color__hover=&#8220;#ffffff&#8220; button_two_text_color__hover_enabled=&#8220;off&#8220; button_one_border_width__hover_enabled=&#8220;off&#8220; button_two_border_width__hover_enabled=&#8220;off&#8220; button_one_border_color__hover_enabled=&#8220;on&#8220; button_one_border_color__hover=&#8220;#ffffff&#8220; button_two_border_color__hover_enabled=&#8220;off&#8220; button_one_border_radius__hover_enabled=&#8220;on&#8220; button_one_border_radius__hover=&#8220;0px&#8220; button_two_border_radius__hover_enabled=&#8220;off&#8220; button_one_letter_spacing__hover_enabled=&#8220;on&#8220; button_one_letter_spacing__hover=&#8220;4px&#8220; button_two_letter_spacing__hover_enabled=&#8220;off&#8220; button_one_bg_color__hover_enabled=&#8220;on&#8220; button_one_bg_color__hover=&#8220;rgba(0,0,0,0)&#8220; button_two_bg_color__hover_enabled=&#8220;off&#8220;][\/et_pb_fullwidth_header][\/et_pb_section][et_pb_section fb_built=&#8220;1&#8243; _builder_version=&#8220;4.9.10&#8243; _module_preset=&#8220;default&#8220;][et_pb_row _builder_version=&#8220;4.9.10&#8243; _module_preset=&#8220;default&#8220;][et_pb_column type=&#8220;4_4&#8243; _builder_version=&#8220;4.9.10&#8243; _module_preset=&#8220;default&#8220;][et_pb_slider arrows_custom_color=&#8220;#000000&#8243; dot_nav_custom_color=&#8220;#000000&#8243; _builder_version=&#8220;4.9.10&#8243; _module_preset=&#8220;default&#8220; auto=&#8220;on&#8220; auto_speed=&#8220;4000&#8243; auto_ignore_hover=&#8220;on&#8220; hover_transition_duration=&#8220;1900ms&#8220;][et_pb_slide heading=&#8220;Das Hausboot&#8220; image=&#8220;https:\/\/rockys-hausboot.de\/wp-content\/uploads\/2021\/07\/IMG-20210724-WA0020.jpg&#8220; _builder_version=&#8220;4.9.10&#8243; _module_preset=&#8220;default&#8220; background_color=&#8220;#FFFFFF&#8220; background_enable_color=&#8220;on&#8220; background_layout=&#8220;light&#8220; sticky_transition=&#8220;on&#8220;]<\/p>\n<p>&#8230; macht von au\u00dfen eine sehr gute Figur<\/p>\n<p>[\/et_pb_slide][et_pb_slide heading=&#8220;Moderne Technik&#8220; image=&#8220;https:\/\/rockys-hausboot.de\/wp-content\/uploads\/2021\/07\/IMG-20210724-WA0023.jpg&#8220; _builder_version=&#8220;4.9.10&#8243; _module_preset=&#8220;default&#8220; background_color=&#8220;#FFFFFF&#8220; background_enable_color=&#8220;on&#8220; background_layout=&#8220;light&#8220; sticky_transition=&#8220;on&#8220;]<\/p>\n<p>&#8230; macht auch das Steuern zu einem Vergn\u00fcgen<\/p>\n<p>[\/et_pb_slide][et_pb_slide heading=&#8220;Einladende Sitzgelegenheiten&#8220; image=&#8220;https:\/\/rockys-hausboot.de\/wp-content\/uploads\/2021\/07\/IMG-20210724-WA0017.jpg&#8220; _builder_version=&#8220;4.9.10&#8243; _module_preset=&#8220;default&#8220; background_color=&#8220;#FFFFFF&#8220; background_enable_color=&#8220;on&#8220; background_layout=&#8220;light&#8220; sticky_transition=&#8220;on&#8220;]<\/p>\n<p>&#8230; sorgen f\u00fcr Gem\u00fctlichkeit<\/p>\n<p>[\/et_pb_slide][et_pb_slide heading=&#8220;Hygiene in Moderne&#8220; image=&#8220;https:\/\/rockys-hausboot.de\/wp-content\/uploads\/2021\/07\/IMG-20210724-WA0009.jpg&#8220; _builder_version=&#8220;4.9.10&#8243; _module_preset=&#8220;default&#8220; background_color=&#8220;#FFFFFF&#8220; background_enable_color=&#8220;on&#8220; background_layout=&#8220;light&#8220; sticky_transition=&#8220;on&#8220;]<\/p>\n<p>&#8230; sorgen f\u00fcr Wohlbefinden<\/p>\n<p>[\/et_pb_slide][et_pb_slide heading=&#8220;Au\u00dfenbereich&#8220; image=&#8220;https:\/\/rockys-hausboot.de\/wp-content\/uploads\/2021\/07\/IMG-20210724-WA0013.jpg&#8220; _builder_version=&#8220;4.9.10&#8243; _module_preset=&#8220;default&#8220; background_color=&#8220;#FFFFFF&#8220; background_enable_color=&#8220;on&#8220; background_layout=&#8220;light&#8220; sticky_transition=&#8220;on&#8220;]<\/p>\n<p>&#8230; Seele baumeln lassen<\/p>\n<p>[\/et_pb_slide][et_pb_slide heading=&#8220;Das Leben genie\u00dfen&#8220; image=&#8220;https:\/\/rockys-hausboot.de\/wp-content\/uploads\/2021\/07\/IMG-20210724-WA0010.jpg&#8220; _builder_version=&#8220;4.9.10&#8243; _module_preset=&#8220;default&#8220; background_color=&#8220;#FFFFFF&#8220; background_enable_color=&#8220;on&#8220; background_layout=&#8220;light&#8220; sticky_transition=&#8220;on&#8220;]<\/p>\n<p>&#8230; Koch leider nicht im Mietpreis enthalten<\/p>\n<p>[\/et_pb_slide][et_pb_slide heading=&#8220;Atemberaubende Landschaften&#8220; image=&#8220;https:\/\/rockys-hausboot.de\/wp-content\/uploads\/2021\/07\/IMG-20210724-WA0012.jpg&#8220; _builder_version=&#8220;4.9.10&#8243; _module_preset=&#8220;default&#8220; background_color=&#8220;#FFFFFF&#8220; background_enable_color=&#8220;on&#8220; background_layout=&#8220;light&#8220; sticky_transition=&#8220;on&#8220;]<\/p>\n<p>&#8230; in Brandenburg gibt es viel Sch\u00f6nes<\/p>\n<p>[\/et_pb_slide][et_pb_slide heading=&#8220;Schlafen auf dem Wasser&#8220; image=&#8220;https:\/\/rockys-hausboot.de\/wp-content\/uploads\/2021\/07\/IMG-20170622-WA0066-960&#215;675-1.jpg&#8220; _builder_version=&#8220;4.9.10&#8243; _module_preset=&#8220;default&#8220; background_color=&#8220;#FFFFFF&#8220; background_enable_color=&#8220;on&#8220; background_layout=&#8220;light&#8220; sticky_transition=&#8220;on&#8220;]<\/p>\n<p>&#8230; lassen Sie sich in den Schlaf wiegen<\/p>\n<p>[\/et_pb_slide][et_pb_slide heading=&#8220;Schwimmende Romantik&#8220; image=&#8220;https:\/\/rockys-hausboot.de\/wp-content\/uploads\/2021\/07\/IMG-20170622-WA0054-1080&#215;810-1.jpg&#8220; _builder_version=&#8220;4.9.10&#8243; _module_preset=&#8220;default&#8220; background_color=&#8220;#FFFFFF&#8220; background_enable_color=&#8220;on&#8220; background_layout=&#8220;light&#8220; sticky_transition=&#8220;on&#8220;]<\/p>\n<p>&#8230; den Abend ausklingen lassen<\/p>\n<p>[\/et_pb_slide][et_pb_slide heading=&#8220;Wirklich Brandenburg?&#8220; image=&#8220;https:\/\/rockys-hausboot.de\/wp-content\/uploads\/2021\/07\/IMG-20170622-WA0050-1-1024&#215;768-1.jpg&#8220; _builder_version=&#8220;4.9.10&#8243; _module_preset=&#8220;default&#8220; background_color=&#8220;#FFFFFF&#8220; background_enable_color=&#8220;on&#8220; background_layout=&#8220;light&#8220; sticky_transition=&#8220;on&#8220;]<\/p>\n<p>&#8230; man glaubt kaum, wie sch\u00f6n es hier sein kann<\/p>\n<p>[\/et_pb_slide][et_pb_slide heading=&#8220;Platz zur Erholung&#8220; image=&#8220;https:\/\/rockys-hausboot.de\/wp-content\/uploads\/2021\/07\/IMG-20170622-WA0047-1080&#215;810-1.jpg&#8220; _builder_version=&#8220;4.9.10&#8243; _module_preset=&#8220;default&#8220; background_color=&#8220;#FFFFFF&#8220; background_enable_color=&#8220;on&#8220; background_layout=&#8220;light&#8220; sticky_transition=&#8220;on&#8220;]<\/p>\n<p>&#8230; die gro\u00dfe Terasse l\u00e4d zum Verweilen ein<\/p>\n<p>[\/et_pb_slide][et_pb_slide heading=&#8220;Das Heck&#8220; image=&#8220;https:\/\/rockys-hausboot.de\/wp-content\/uploads\/2021\/07\/IMG-20170622-WA0046-960&#215;675-1.jpg&#8220; _builder_version=&#8220;4.9.10&#8243; _module_preset=&#8220;default&#8220; background_color=&#8220;#FFFFFF&#8220; background_enable_color=&#8220;on&#8220; background_layout=&#8220;light&#8220; sticky_transition=&#8220;on&#8220;]<\/p>\n<p>&#8230; mit originalem Schwimmring<\/p>\n<p>[\/et_pb_slide][et_pb_slide heading=&#8220;Der Grill&#8220; image=&#8220;https:\/\/rockys-hausboot.de\/wp-content\/uploads\/2021\/07\/IMG-20170622-WA0037-1080&#215;810-1.jpg&#8220; _builder_version=&#8220;4.9.10&#8243; _module_preset=&#8220;default&#8220; background_color=&#8220;#FFFFFF&#8220; background_enable_color=&#8220;on&#8220; background_layout=&#8220;light&#8220; sticky_transition=&#8220;on&#8220;]<\/p>\n<p>&#8230; ist opional mietbar<\/p>\n<p>[\/et_pb_slide][et_pb_slide heading=&#8220;Gute Nacht&#8220; image=&#8220;https:\/\/rockys-hausboot.de\/wp-content\/uploads\/2021\/07\/IMG-20170622-WA0002-1080&#215;810-1.jpg&#8220; _builder_version=&#8220;4.9.10&#8243; _module_preset=&#8220;default&#8220; background_color=&#8220;#FFFFFF&#8220; background_enable_color=&#8220;on&#8220; background_layout=&#8220;light&#8220; sticky_transition=&#8220;on&#8220;]<\/p>\n<p>&#8230; und sch\u00f6ne Tr\u00e4ume<\/p>\n<p>[\/et_pb_slide][\/et_pb_slider][\/et_pb_column][\/et_pb_row][et_pb_row _builder_version=&#8220;4.9.10&#8243; _module_preset=&#8220;default&#8220;][et_pb_column type=&#8220;4_4&#8243; _builder_version=&#8220;4.9.10&#8243; _module_preset=&#8220;default&#8220;][et_pb_text _builder_version=&#8220;4.9.10&#8243; _module_preset=&#8220;default&#8220; text_font_size=&#8220;16px&#8220; hover_enabled=&#8220;0&#8243; sticky_enabled=&#8220;0&#8243;]<\/p>\n<p style=\"text-align: center;\">F\u00fcr Darstellung auf Mobilger\u00e4ten bitte hier: <a href=\"?page_id=1319\">Klick<\/a><\/p>\n<p>[\/et_pb_text][\/et_pb_column][\/et_pb_row][\/et_pb_section]<\/p>\n","protected":false},"excerpt":{"rendered":"<p>&#8230; macht von au\u00dfen eine sehr gute Figur&#8230; macht auch das Steuern zu einem Vergn\u00fcgen&#8230; sorgen f\u00fcr Gem\u00fctlichkeit&#8230; sorgen f\u00fcr Wohlbefinden&#8230; Seele baumeln lassen&#8230; Koch leider nicht im Mietpreis enthalten&#8230; in Brandenburg gibt es viel Sch\u00f6nes&#8230; lassen Sie sich in den Schlaf wiegen&#8230; den Abend ausklingen lassen&#8230; man glaubt kaum, wie sch\u00f6n es hier sein [&hellip;]<\/p>\n","protected":false},"author":1,"featured_media":0,"parent":0,"menu_order":0,"comment_status":"closed","ping_status":"closed","template":"","meta":{"_et_pb_use_builder":"on","_et_pb_old_content":"","_et_gb_content_width":"","footnotes":""},"class_list":["post-29","page","type-page","status-publish","hentry"],"_links":{"self":[{"href":"https:\/\/rockys-hausboot.de\/index.php?rest_route=\/wp\/v2\/pages\/29","targetHints":{"allow":["GET"]}}],"collection":[{"href":"https:\/\/rockys-hausboot.de\/index.php?rest_route=\/wp\/v2\/pages"}],"about":[{"href":"https:\/\/rockys-hausboot.de\/index.php?rest_route=\/wp\/v2\/types\/page"}],"author":[{"embeddable":true,"href":"https:\/\/rockys-hausboot.de\/index.php?rest_route=\/wp\/v2\/users\/1"}],"replies":[{"embeddable":true,"href":"https:\/\/rockys-hausboot.de\/index.php?rest_route=%2Fwp%2Fv2%2Fcomments&post=29"}],"version-history":[{"count":13,"href":"https:\/\/rockys-hausboot.de\/index.php?rest_route=\/wp\/v2\/pages\/29\/revisions"}],"predecessor-version":[{"id":1322,"href":"https:\/\/rockys-hausboot.de\/index.php?rest_route=\/wp\/v2\/pages\/29\/revisions\/1322"}],"wp:attachment":[{"href":"https:\/\/rockys-hausboot.de\/index.php?rest_route=%2Fwp%2Fv2%2Fmedia&parent=29"}],"curies":[{"name":"wp","href":"https:\/\/api.w.org\/{rel}","templated":true}]}}