{"id":28,"date":"2021-07-24T18:18:58","date_gmt":"2021-07-24T17:18:58","guid":{"rendered":"https:\/\/rockys-hausboot.de\/?page_id=28"},"modified":"2021-08-04T19:41:20","modified_gmt":"2021-08-04T18:41:20","slug":"home","status":"publish","type":"page","link":"https:\/\/rockys-hausboot.de\/","title":{"rendered":"Home"},"content":{"rendered":"<p>[et_pb_section fb_built=&#8220;1&#8243; fullwidth=&#8220;on&#8220; admin_label=&#8220;Hero&#8220; _builder_version=&#8220;3.22&#8243;][et_pb_fullwidth_header title=&#8220;Home&#8220; button_one_url=&#8220;https:\/\/www.facebook.com\/Rockys-Hausboot-390087621433580\/?ref=page_internal&#8220; background_overlay_color=&#8220;rgba(29,38,51,0.86)&#8220; header_image_url=&#8220;https:\/\/rockys-hausboot.de\/wp-content\/uploads\/2021\/07\/logo-480&#215;359-1.png&#8220; content_max_width=&#8220;700px&#8220; admin_label=&#8220;Hero Section&#8220; _builder_version=&#8220;4.9.10&#8243; title_font=&#8220;Oswald|on||on|&#8220; title_font_size=&#8220;80px&#8220; title_line_height=&#8220;1.3em&#8220; content_font=&#8220;Roboto||||&#8220; content_font_size=&#8220;20px&#8220; background_color=&#8220;rgba(255, 255, 255, 0)&#8220; background_image=&#8220;https:\/\/rockys-hausboot.de\/wp-content\/uploads\/2021\/07\/IMG-20170622-WA0073-1080&#215;810-1.jpg&#8220; parallax=&#8220;on&#8220; parallax_method=&#8220;on&#8220; custom_button_one=&#8220;on&#8220; button_one_border_radius=&#8220;0px&#8220; button_one_letter_spacing=&#8220;4px&#8220; button_one_font=&#8220;Oswald|on||on|&#8220; button_one_icon=&#8220;%%3%%&#8220; button_one_icon_color=&#8220;#ffffff&#8220; min_height=&#8220;444px&#8220; custom_margin=&#8220;|||&#8220; custom_padding=&#8220;63px||53px|||&#8220; custom_padding_tablet=&#8220;60px||60px|&#8220; custom_padding_phone=&#8220;&#8220; custom_padding_last_edited=&#8220;on|tablet&#8220; child_filter_saturate=&#8220;169%&#8220; child_filter_brightness=&#8220;123%&#8220; child_filter_contrast=&#8220;67%&#8220; child_filter_sepia=&#8220;28%&#8220; child_filter_opacity=&#8220;96%&#8220; child_mix_blend_mode=&#8220;multiply&#8220; animation_style=&#8220;zoom&#8220; animation_direction=&#8220;bottom&#8220; animation_intensity_zoom=&#8220;4%&#8220; link_option_url_new_window=&#8220;on&#8220; border_color_all_image=&#8220;#004159&#8243; button_one_text_color_hover=&#8220;#ffffff&#8220; button_one_border_color_hover=&#8220;#ffffff&#8220; button_one_border_radius_hover=&#8220;0px&#8220; button_one_letter_spacing_hover=&#8220;4px&#8220; button_one_bg_color_hover=&#8220;rgba(0,0,0,0)&#8220; button_one_text_size__hover_enabled=&#8220;off&#8220; button_two_text_size__hover_enabled=&#8220;off&#8220; button_one_text_color__hover_enabled=&#8220;on&#8220; button_one_text_color__hover=&#8220;#ffffff&#8220; button_two_text_color__hover_enabled=&#8220;off&#8220; button_one_border_width__hover_enabled=&#8220;off&#8220; button_two_border_width__hover_enabled=&#8220;off&#8220; button_one_border_color__hover_enabled=&#8220;on&#8220; button_one_border_color__hover=&#8220;#ffffff&#8220; button_two_border_color__hover_enabled=&#8220;off&#8220; button_one_border_radius__hover_enabled=&#8220;on&#8220; button_one_border_radius__hover=&#8220;0px&#8220; button_two_border_radius__hover_enabled=&#8220;off&#8220; button_one_letter_spacing__hover_enabled=&#8220;on&#8220; button_one_letter_spacing__hover=&#8220;4px&#8220; button_two_letter_spacing__hover_enabled=&#8220;off&#8220; button_one_bg_color__hover_enabled=&#8220;on&#8220; button_one_bg_color__hover=&#8220;rgba(0,0,0,0)&#8220; button_two_bg_color__hover_enabled=&#8220;off&#8220;][\/et_pb_fullwidth_header][\/et_pb_section][et_pb_section fb_built=&#8220;1&#8243; admin_label=&#8220;Gallery&#8220; _builder_version=&#8220;3.22&#8243; custom_padding=&#8220;0px||0px|&#8220;][et_pb_row column_structure=&#8220;1_4,1_4,1_4,1_4&#8243; use_custom_gutter=&#8220;on&#8220; gutter_width=&#8220;1&#8243; make_equal=&#8220;on&#8220; module_class=&#8220; et_pb_row_fullwidth&#8220; _builder_version=&#8220;3.25&#8243; width=&#8220;100%&#8220; width_tablet=&#8220;100%&#8220; width_phone=&#8220;&#8220; width_last_edited=&#8220;on|desktop&#8220; max_width=&#8220;100%&#8220; max_width_tablet=&#8220;100%&#8220; max_width_phone=&#8220;&#8220; max_width_last_edited=&#8220;on|desktop&#8220; custom_padding=&#8220;0px|0px|0px|0px&#8220; make_fullwidth=&#8220;on&#8220;][et_pb_column type=&#8220;1_4&#8243; _builder_version=&#8220;3.25&#8243; custom_padding=&#8220;|||&#8220; custom_padding__hover=&#8220;|||&#8220;][et_pb_image src=&#8220;https:\/\/rockys-hausboot.de\/wp-content\/uploads\/2021\/07\/IMG-20170622-WA0067-768&#215;576-1.jpg&#8220; title_text=&#8220;IMG-20170622-WA0067-768&#215;576&#8243; show_in_lightbox=&#8220;on&#8220; force_fullwidth=&#8220;on&#8220; align_tablet=&#8220;center&#8220; align_phone=&#8220;&#8220; align_last_edited=&#8220;on|desktop&#8220; _builder_version=&#8220;4.9.10&#8243; min_height=&#8220;275px&#8220; height=&#8220;275px&#8220; max_height=&#8220;275px&#8220; animation_style=&#8220;zoom&#8220; animation_direction=&#8220;left&#8220; animation_duration=&#8220;500ms&#8220; animation_intensity_zoom=&#8220;10%&#8220; border_width_all=&#8220;2px&#8220; border_color_all=&#8220;#353535&#8243;][\/et_pb_image][\/et_pb_column][et_pb_column type=&#8220;1_4&#8243; _builder_version=&#8220;3.25&#8243; custom_padding=&#8220;|||&#8220; custom_padding__hover=&#8220;|||&#8220;][et_pb_image src=&#8220;https:\/\/rockys-hausboot.de\/wp-content\/uploads\/2021\/07\/IMG-20170622-WA0066-960&#215;675-1.jpg&#8220; title_text=&#8220;IMG-20170622-WA0066-960&#215;675&#8243; show_in_lightbox=&#8220;on&#8220; show_bottom_space=&#8220;off&#8220; force_fullwidth=&#8220;on&#8220; align_tablet=&#8220;center&#8220; align_phone=&#8220;&#8220; align_last_edited=&#8220;on|desktop&#8220; _builder_version=&#8220;4.9.10&#8243; min_height=&#8220;275px&#8220; height=&#8220;275px&#8220; max_height=&#8220;275px&#8220; custom_padding=&#8220;||17px|||&#8220; animation_style=&#8220;zoom&#8220; animation_direction=&#8220;left&#8220; animation_duration=&#8220;500ms&#8220; animation_delay=&#8220;100ms&#8220; animation_intensity_zoom=&#8220;10%&#8220; border_radii=&#8220;on|3px|3px|3px|3px&#8220; border_width_all=&#8220;2px&#8220; border_color_all=&#8220;#353535&#8243; locked=&#8220;off&#8220;][\/et_pb_image][\/et_pb_column][et_pb_column type=&#8220;1_4&#8243; _builder_version=&#8220;3.25&#8243; custom_padding=&#8220;|||&#8220; custom_padding__hover=&#8220;|||&#8220;][et_pb_image src=&#8220;https:\/\/rockys-hausboot.de\/wp-content\/uploads\/2021\/07\/IMG-20170622-WA0047-1080&#215;810-1.jpg&#8220; title_text=&#8220;IMG-20170622-WA0047-1080&#215;810&#8243; show_in_lightbox=&#8220;on&#8220; force_fullwidth=&#8220;on&#8220; align_tablet=&#8220;center&#8220; align_phone=&#8220;&#8220; align_last_edited=&#8220;on|desktop&#8220; _builder_version=&#8220;4.9.10&#8243; min_height=&#8220;275px&#8220; height=&#8220;275px&#8220; max_height=&#8220;275px&#8220; animation_style=&#8220;zoom&#8220; animation_direction=&#8220;left&#8220; animation_duration=&#8220;500ms&#8220; animation_delay=&#8220;200ms&#8220; animation_intensity_zoom=&#8220;10%&#8220; border_radii=&#8220;on|3px|3px|3px|3px&#8220; border_width_all=&#8220;2px&#8220; border_color_all=&#8220;#353535&#8243; locked=&#8220;off&#8220;][\/et_pb_image][\/et_pb_column][et_pb_column type=&#8220;1_4&#8243; _builder_version=&#8220;3.25&#8243; custom_padding=&#8220;|||&#8220; custom_padding__hover=&#8220;|||&#8220;][et_pb_image src=&#8220;https:\/\/rockys-hausboot.de\/wp-content\/uploads\/2021\/07\/IMG-20170622-WA0048-1024&#215;768-1.jpg&#8220; title_text=&#8220;IMG-20170622-WA0048-1024&#215;768&#8243; show_in_lightbox=&#8220;on&#8220; force_fullwidth=&#8220;on&#8220; align_tablet=&#8220;center&#8220; align_phone=&#8220;&#8220; align_last_edited=&#8220;on|desktop&#8220; _builder_version=&#8220;4.9.10&#8243; min_height=&#8220;275px&#8220; height=&#8220;275px&#8220; max_height=&#8220;275px&#8220; animation_style=&#8220;zoom&#8220; animation_duration=&#8220;500ms&#8220; animation_delay=&#8220;300ms&#8220; animation_intensity_zoom=&#8220;10%&#8220; border_radii=&#8220;on|3px|3px|3px|3px&#8220; border_width_all=&#8220;2px&#8220; border_color_all=&#8220;#353535&#8243; locked=&#8220;off&#8220;][\/et_pb_image][\/et_pb_column][\/et_pb_row][\/et_pb_section][et_pb_section fb_built=&#8220;1&#8243; _builder_version=&#8220;3.22&#8243; custom_margin=&#8220;||13px|||&#8220; custom_padding=&#8220;20px||20px||true|&#8220;][et_pb_row column_structure=&#8220;1_2,1_2&#8243; _builder_version=&#8220;3.25&#8243;][et_pb_column type=&#8220;1_2&#8243; _builder_version=&#8220;3.25&#8243; custom_padding=&#8220;|||&#8220; custom_padding__hover=&#8220;|||&#8220;][et_pb_text admin_label=&#8220;Discover Beatuty Title&#8220; _builder_version=&#8220;4.9.10&#8243; text_font=&#8220;||||&#8220; text_text_color=&#8220;#1a1a1a&#8220; header_font=&#8220;Oswald|on||on|&#8220; header_text_align=&#8220;left&#8220; header_font_size=&#8220;60px&#8220; header_line_height=&#8220;1.3em&#8220; animation_style=&#8220;slide&#8220; animation_direction=&#8220;%22fade_in%22&#8243; animation_duration=&#8220;500ms&#8220; animation_intensity_slide=&#8220;10%&#8220;]<\/p>\n<h1><span style=\"font-weight: 400;\">\u00a0\u2026 und Leinen los!<\/span><\/h1>\n<p>[\/et_pb_text][et_pb_text admin_label=&#8220;Discover Beatuty Sub Title&#8220; _builder_version=&#8220;4.9.10&#8243; text_font=&#8220;Roboto||||&#8220; text_text_color=&#8220;#1a1a1a&#8220; text_font_size=&#8220;24px&#8220; text_line_height=&#8220;1.4em&#8220; animation_style=&#8220;slide&#8220; animation_direction=&#8220;top&#8220; animation_delay=&#8220;100ms&#8220; animation_intensity_slide=&#8220;10%&#8220;]<\/p>\n<p><span style=\"font-weight: 400;\">Urlaub auf dem Wasser \u2013 mit Ihrem schwimmenden Ferienhaus genie\u00dfen Sie eine der sch\u00f6nsten Seenlandschaften Brandenburgs.<\/span><\/p>\n<p><span style=\"font-weight: 400;\">Stellen Sie sich vor, Sie sitzen auf dem Hausboot, Strohhut auf dem Kopf, mit einem Drink in der Hand und lassen die F\u00fc\u00dfe im k\u00fchlen Wasser baumeln\u2026 oder abends, nach einem atemberaubenden Sonnenuntergang\u00a0 lauschen Sie der Natur und genie\u00dfen den klaren Sternenhimmel bei einem Glas Wein.<\/span><\/p>\n<p><span style=\"font-weight: 400;\">Ein Gef\u00fchl von Freiheit und Unabh\u00e4ngigkeit durchstr\u00f6mt Sie.<\/span><\/p>\n<p><span style=\"font-weight: 400;\">Wir laden Sie herzlich ein, ein paar spannende und erholsame Tage auf dem Wasser zu erleben mit z.B. Baden, Lesen, Angeln oder einfach nur die Seele baumeln lassen und die weitgehend unber\u00fchrte Naturlandschaft zu genie\u00dfen.<\/span><\/p>\n<p><span style=\"font-weight: 400;\">Fragen Sie gleich nach freien Pl\u00e4tzen und buchen Sie noch heute Ihren n\u00e4chsten Traumurlaub!<\/span><\/p>\n<p>[\/et_pb_text][et_pb_divider show_divider=&#8220;off&#8220; disabled_on=&#8220;off|off|off&#8220; _builder_version=&#8220;4.9.10&#8243; max_width=&#8220;150px&#8220; height=&#8220;false&#8220; animation_style=&#8220;slide&#8220; animation_direction=&#8220;top&#8220; animation_delay=&#8220;200ms&#8220; animation_intensity_slide=&#8220;10%&#8220;][\/et_pb_divider][\/et_pb_column][et_pb_column type=&#8220;1_2&#8243; _builder_version=&#8220;3.25&#8243; custom_padding=&#8220;|||&#8220; custom_padding__hover=&#8220;|||&#8220;][et_pb_image src=&#8220;https:\/\/rockys-hausboot.de\/wp-content\/uploads\/2021\/07\/IMG-20170622-WA0038-1-1080&#215;810-1.jpg&#8220; title_text=&#8220;IMG-20170622-WA0038-1-1080&#215;810&#8243; force_fullwidth=&#8220;on&#8220; align_tablet=&#8220;center&#8220; align_phone=&#8220;&#8220; align_last_edited=&#8220;on|desktop&#8220; _builder_version=&#8220;4.9.10&#8243; custom_margin=&#8220;90px|||&#8220; animation_style=&#8220;fold&#8220; animation_direction=&#8220;right&#8220; animation_intensity_fold=&#8220;20%&#8220; animation=&#8220;fade_in&#8220;][\/et_pb_image][et_pb_image src=&#8220;https:\/\/rockys-hausboot.de\/wp-content\/uploads\/2021\/07\/IMG-20170622-WA0050-1080&#215;810-1.jpg&#8220; title_text=&#8220;IMG-20170622-WA0050-1080&#215;810&#8243; force_fullwidth=&#8220;on&#8220; align_tablet=&#8220;center&#8220; align_phone=&#8220;&#8220; align_last_edited=&#8220;on|desktop&#8220; _builder_version=&#8220;4.9.10&#8243; custom_margin=&#8220;90px|||&#8220; animation_style=&#8220;fold&#8220; animation_direction=&#8220;right&#8220; animation_intensity_fold=&#8220;20%&#8220; animation=&#8220;fade_in&#8220;][\/et_pb_image][\/et_pb_column][\/et_pb_row][et_pb_row use_custom_gutter=&#8220;on&#8220; gutter_width=&#8220;1&#8243; custom_padding_last_edited=&#8220;on|tablet&#8220; module_class=&#8220; et_pb_row_fullwidth&#8220; _builder_version=&#8220;3.25&#8243; use_background_color_gradient=&#8220;on&#8220; background_color_gradient_start=&#8220;#ffffff&#8220; background_color_gradient_end=&#8220;rgba(255,255,255,0)&#8220; background_color_gradient_end_position=&#8220;22%&#8220; background_size=&#8220;initial&#8220; background_position=&#8220;top_left&#8220; background_repeat=&#8220;repeat&#8220; width=&#8220;100%&#8220; width_tablet=&#8220;100%&#8220; width_phone=&#8220;&#8220; width_last_edited=&#8220;on|desktop&#8220; max_width=&#8220;100%&#8220; max_width_tablet=&#8220;100%&#8220; max_width_phone=&#8220;&#8220; max_width_last_edited=&#8220;on|desktop&#8220; custom_padding=&#8220;40px|0px|53px|0px||&#8220; custom_padding_tablet=&#8220;0px|||&#8220; custom_padding_phone=&#8220;&#8220; make_fullwidth=&#8220;on&#8220;][et_pb_column type=&#8220;4_4&#8243; _builder_version=&#8220;3.25&#8243; custom_padding=&#8220;|||&#8220; custom_padding__hover=&#8220;|||&#8220;][et_pb_text admin_label=&#8220;CTA Section Title&#8220; _builder_version=&#8220;4.9.10&#8243; text_font=&#8220;||||&#8220; text_line_height=&#8220;1em&#8220; header_font=&#8220;Oswald|on||on|&#8220; header_text_align=&#8220;center&#8220; header_font_size=&#8220;60px&#8220; header_line_height=&#8220;1.3em&#8220; background_size=&#8220;initial&#8220; background_position=&#8220;top_left&#8220; background_repeat=&#8220;repeat&#8220; module_alignment=&#8220;center&#8220; custom_margin=&#8220;||60px|&#8220; custom_padding=&#8220;|||&#8220; animation_style=&#8220;slide&#8220; animation_direction=&#8220;top&#8220; animation_intensity_slide=&#8220;10%&#8220; locked=&#8220;off&#8220;]<\/p>\n<h1>Worauf warten Sie noch?<\/h1>\n<p>[\/et_pb_text][et_pb_button button_url=&#8220;@ET-DC@eyJkeW5hbWljIjp0cnVlLCJjb250ZW50IjoicG9zdF9saW5rX3VybF9wYWdlIiwic2V0dGluZ3MiOnsicG9zdF9pZCI6IjMwIn19@&#8220; button_text=&#8220;Kontaktieren Sie uns!&#8220; button_alignment=&#8220;center&#8220; _builder_version=&#8220;4.9.10&#8243; _dynamic_attributes=&#8220;button_url&#8220; custom_button=&#8220;on&#8220; button_text_color=&#8220;#ffffff&#8220; button_bg_color=&#8220;#ed4441&#8243; button_border_color=&#8220;#ed4441&#8243; button_border_radius=&#8220;0px&#8220; button_letter_spacing=&#8220;4px&#8220; button_font=&#8220;Oswald|on||on|&#8220; button_icon=&#8220;%%3%%&#8220; button_icon_color=&#8220;#1a1a1a&#8220; button_border_color_hover=&#8220;#1a1a1a&#8220; button_border_radius_hover=&#8220;0px&#8220; button_letter_spacing_hover=&#8220;4px&#8220; button_bg_color_hover=&#8220;rgba(0,0,0,0)&#8220; locked=&#8220;off&#8220; button_text_size__hover_enabled=&#8220;off&#8220; button_one_text_size__hover_enabled=&#8220;off&#8220; button_two_text_size__hover_enabled=&#8220;off&#8220; button_text_color__hover_enabled=&#8220;off&#8220; button_one_text_color__hover_enabled=&#8220;off&#8220; button_two_text_color__hover_enabled=&#8220;off&#8220; button_border_width__hover_enabled=&#8220;off&#8220; button_one_border_width__hover_enabled=&#8220;off&#8220; button_two_border_width__hover_enabled=&#8220;off&#8220; button_border_color__hover_enabled=&#8220;on&#8220; button_border_color__hover=&#8220;#1a1a1a&#8220; button_one_border_color__hover_enabled=&#8220;off&#8220; button_two_border_color__hover_enabled=&#8220;off&#8220; button_border_radius__hover_enabled=&#8220;on&#8220; button_border_radius__hover=&#8220;0px&#8220; button_one_border_radius__hover_enabled=&#8220;off&#8220; button_two_border_radius__hover_enabled=&#8220;off&#8220; button_letter_spacing__hover_enabled=&#8220;on&#8220; button_letter_spacing__hover=&#8220;4px&#8220; button_one_letter_spacing__hover_enabled=&#8220;off&#8220; button_two_letter_spacing__hover_enabled=&#8220;off&#8220; button_bg_color__hover_enabled=&#8220;on&#8220; button_bg_color__hover=&#8220;rgba(0,0,0,0)&#8220; button_one_bg_color__hover_enabled=&#8220;off&#8220; button_two_bg_color__hover_enabled=&#8220;off&#8220;][\/et_pb_button][\/et_pb_column][\/et_pb_row][\/et_pb_section]<\/p>\n","protected":false},"excerpt":{"rendered":"<p>\u00a0\u2026 und Leinen los!Urlaub auf dem Wasser \u2013 mit Ihrem schwimmenden Ferienhaus genie\u00dfen Sie eine der sch\u00f6nsten Seenlandschaften Brandenburgs. Stellen Sie sich vor, Sie sitzen auf dem Hausboot, Strohhut auf dem Kopf, mit einem Drink in der Hand und lassen die F\u00fc\u00dfe im k\u00fchlen Wasser baumeln\u2026 oder abends, nach einem atemberaubenden Sonnenuntergang\u00a0 lauschen Sie der [&hellip;]<\/p>\n","protected":false},"author":1,"featured_media":0,"parent":0,"menu_order":0,"comment_status":"closed","ping_status":"closed","template":"","meta":{"_et_pb_use_builder":"on","_et_pb_old_content":"","_et_gb_content_width":"","footnotes":""},"class_list":["post-28","page","type-page","status-publish","hentry"],"_links":{"self":[{"href":"https:\/\/rockys-hausboot.de\/index.php?rest_route=\/wp\/v2\/pages\/28","targetHints":{"allow":["GET"]}}],"collection":[{"href":"https:\/\/rockys-hausboot.de\/index.php?rest_route=\/wp\/v2\/pages"}],"about":[{"href":"https:\/\/rockys-hausboot.de\/index.php?rest_route=\/wp\/v2\/types\/page"}],"author":[{"embeddable":true,"href":"https:\/\/rockys-hausboot.de\/index.php?rest_route=\/wp\/v2\/users\/1"}],"replies":[{"embeddable":true,"href":"https:\/\/rockys-hausboot.de\/index.php?rest_route=%2Fwp%2Fv2%2Fcomments&post=28"}],"version-history":[{"count":13,"href":"https:\/\/rockys-hausboot.de\/index.php?rest_route=\/wp\/v2\/pages\/28\/revisions"}],"predecessor-version":[{"id":1307,"href":"https:\/\/rockys-hausboot.de\/index.php?rest_route=\/wp\/v2\/pages\/28\/revisions\/1307"}],"wp:attachment":[{"href":"https:\/\/rockys-hausboot.de\/index.php?rest_route=%2Fwp%2Fv2%2Fmedia&parent=28"}],"curies":[{"name":"wp","href":"https:\/\/api.w.org\/{rel}","templated":true}]}}